{"id":2165,"date":"2022-05-30T12:49:40","date_gmt":"2022-05-30T10:49:40","guid":{"rendered":"https:\/\/lipsmilano.com\/product\/pantalone-baggy-crema\/"},"modified":"2023-12-18T16:04:08","modified_gmt":"2023-12-18T15:04:08","slug":"cremefarbene-baggy-hose","status":"publish","type":"product","link":"https:\/\/lipsmilano.com\/de\/produkt\/cremefarbene-baggy-hose\/","title":{"rendered":"Cremefarbene Baggy-Hose"},"content":{"rendered":"<p>Hose aus Baumwoll-Denim mit niedriger Taille und Druckknopfverschluss an der Unterseite<\/p>\n<p>Gr\u00f6\u00dfe S kurz cm 104<br \/>\nGr\u00f6\u00dfe S lang 109 cm<br \/>\nGr\u00f6\u00dfe M kurz 105 cm<br \/>\nGr\u00f6\u00dfe M 110 cm lang<br \/>\nGr\u00f6\u00dfe L L kurz 107 cm<br \/>\nGr\u00f6\u00dfe L L lang 112 cm<\/p>\n<p>Hergestellt in Italien<\/p>\n","protected":false},"excerpt":{"rendered":"<p>Hose aus Baumwoll-Denim mit niedriger Taille und Druckknopfverschluss an der Unterseite Gr\u00f6\u00dfe S kurz cm 104 Gr\u00f6\u00dfe S lang 109 cm Gr\u00f6\u00dfe M kurz 105 cm Gr\u00f6\u00dfe M 110 cm lang Gr\u00f6\u00dfe L L kurz 107 cm Gr\u00f6\u00dfe L L lang 112 cm Hergestellt in Italien<\/p>\n","protected":false},"featured_media":1720,"comment_status":"closed","ping_status":"closed","template":"","meta":{"site-sidebar-layout":"default","site-content-layout":"default","ast-global-header-display":"","ast-banner-title-visibility":"","ast-main-header-display":"","ast-hfb-above-header-display":"","ast-hfb-below-header-display":"","ast-hfb-mobile-header-display":"","site-post-title":"","ast-breadcrumbs-content":"","ast-featured-img":"","footer-sml-layout":"","theme-transparent-header-meta":"default","adv-header-id-meta":"","stick-header-meta":"","header-above-stick-meta":"","header-main-stick-meta":"","header-below-stick-meta":""},"product_cat":[99],"product_tag":[],"giftcard-category":[],"class_list":["post-2165","product","type-product","status-publish","has-post-thumbnail","hentry","product_cat-hosen","pa_taglia-s-de","pa_taglia-m-de","pa_taglia-l-de","desktop-align-left","tablet-align-left","mobile-align-left"],"_links":{"self":[{"href":"https:\/\/lipsmilano.com\/de\/wp-json\/wp\/v2\/product\/2165","targetHints":{"allow":["GET"]}}],"collection":[{"href":"https:\/\/lipsmilano.com\/de\/wp-json\/wp\/v2\/product"}],"about":[{"href":"https:\/\/lipsmilano.com\/de\/wp-json\/wp\/v2\/types\/product"}],"replies":[{"embeddable":true,"href":"https:\/\/lipsmilano.com\/de\/wp-json\/wp\/v2\/comments?post=2165"}],"wp:featuredmedia":[{"embeddable":true,"href":"https:\/\/lipsmilano.com\/de\/wp-json\/wp\/v2\/media\/1720"}],"wp:attachment":[{"href":"https:\/\/lipsmilano.com\/de\/wp-json\/wp\/v2\/media?parent=2165"}],"wp:term":[{"taxonomy":"product_cat","embeddable":true,"href":"https:\/\/lipsmilano.com\/de\/wp-json\/wp\/v2\/product_cat?post=2165"},{"taxonomy":"product_tag","embeddable":true,"href":"https:\/\/lipsmilano.com\/de\/wp-json\/wp\/v2\/product_tag?post=2165"},{"taxonomy":"giftcard-category","embeddable":true,"href":"https:\/\/lipsmilano.com\/de\/wp-json\/wp\/v2\/giftcard-category?post=2165"}],"curies":[{"name":"wp","href":"https:\/\/api.w.org\/{rel}","templated":true}]}}