{"id":2081,"date":"2022-10-13T16:30:16","date_gmt":"2022-10-13T14:30:16","guid":{"rendered":"https:\/\/lipsmilano.com\/product\/vestito-lycra-lungo-con-spalline\/"},"modified":"2022-10-14T11:12:39","modified_gmt":"2022-10-14T09:12:39","slug":"langes-lycra-kleid-mit-traegern","status":"publish","type":"product","link":"https:\/\/lipsmilano.com\/de\/produkt\/langes-lycra-kleid-mit-traegern\/","title":{"rendered":"Langes Lycra-Kleid mit Tr\u00e4gern"},"content":{"rendered":"<p>Lang\u00e4rmeliges Midikleid aus Lycra mit Schulterpolstern und Radfahrer-Ausschnitt. Internes Oberteil der B\u00fcste.<br \/>\nHergestellt in Italien<\/p>\n","protected":false},"excerpt":{"rendered":"<p>Lang\u00e4rmeliges Midikleid aus Lycra mit Schulterpolstern und Radfahrer-Ausschnitt. Internes Oberteil der B\u00fcste. Hergestellt in Italien<\/p>\n","protected":false},"featured_media":1890,"comment_status":"closed","ping_status":"closed","template":"","meta":{"site-sidebar-layout":"default","site-content-layout":"default","ast-global-header-display":"","ast-banner-title-visibility":"","ast-main-header-display":"","ast-hfb-above-header-display":"","ast-hfb-below-header-display":"","ast-hfb-mobile-header-display":"","site-post-title":"","ast-breadcrumbs-content":"","ast-featured-img":"","footer-sml-layout":"","theme-transparent-header-meta":"default","adv-header-id-meta":"","stick-header-meta":"","header-above-stick-meta":"","header-main-stick-meta":"","header-below-stick-meta":""},"product_cat":[107],"product_tag":[],"giftcard-category":[],"class_list":["post-2081","product","type-product","status-publish","has-post-thumbnail","hentry","product_cat-kleid","pa_taglia-s-de","pa_taglia-m-de","pa_taglia-l-de","desktop-align-left","tablet-align-left","mobile-align-left"],"_links":{"self":[{"href":"https:\/\/lipsmilano.com\/de\/wp-json\/wp\/v2\/product\/2081","targetHints":{"allow":["GET"]}}],"collection":[{"href":"https:\/\/lipsmilano.com\/de\/wp-json\/wp\/v2\/product"}],"about":[{"href":"https:\/\/lipsmilano.com\/de\/wp-json\/wp\/v2\/types\/product"}],"replies":[{"embeddable":true,"href":"https:\/\/lipsmilano.com\/de\/wp-json\/wp\/v2\/comments?post=2081"}],"wp:featuredmedia":[{"embeddable":true,"href":"https:\/\/lipsmilano.com\/de\/wp-json\/wp\/v2\/media\/1890"}],"wp:attachment":[{"href":"https:\/\/lipsmilano.com\/de\/wp-json\/wp\/v2\/media?parent=2081"}],"wp:term":[{"taxonomy":"product_cat","embeddable":true,"href":"https:\/\/lipsmilano.com\/de\/wp-json\/wp\/v2\/product_cat?post=2081"},{"taxonomy":"product_tag","embeddable":true,"href":"https:\/\/lipsmilano.com\/de\/wp-json\/wp\/v2\/product_tag?post=2081"},{"taxonomy":"giftcard-category","embeddable":true,"href":"https:\/\/lipsmilano.com\/de\/wp-json\/wp\/v2\/giftcard-category?post=2081"}],"curies":[{"name":"wp","href":"https:\/\/api.w.org\/{rel}","templated":true}]}}