{"id":1761,"date":"2022-10-13T15:54:33","date_gmt":"2022-10-13T13:54:33","guid":{"rendered":"https:\/\/lipsmilano.com\/ueber-uns\/"},"modified":"2022-10-13T18:10:02","modified_gmt":"2022-10-13T16:10:02","slug":"ueber-uns","status":"publish","type":"page","link":"https:\/\/lipsmilano.com\/de\/ueber-uns\/","title":{"rendered":"\u00dcber uns"},"content":{"rendered":"\t\t<div data-elementor-type=\"wp-page\" data-elementor-id=\"1761\" class=\"elementor elementor-1761 elementor-49\" data-elementor-post-type=\"page\">\n\t\t\t\t\t\t\t\t\t<section class=\"elementor-section elementor-top-section elementor-element elementor-element-eb49e6a elementor-section-boxed elementor-section-height-default elementor-section-height-default\" data-id=\"eb49e6a\" data-element_type=\"section\">\n\t\t\t\t\t\t<div class=\"elementor-container elementor-column-gap-default\">\n\t\t\t\t\t<div class=\"elementor-column elementor-col-100 elementor-top-column elementor-element elementor-element-504d9bb\" data-id=\"504d9bb\" data-element_type=\"column\">\n\t\t\t<div class=\"elementor-widget-wrap elementor-element-populated\">\n\t\t\t\t\t\t\t\t<section class=\"elementor-section elementor-inner-section elementor-element elementor-element-9df8204 elementor-section-boxed elementor-section-height-default elementor-section-height-default\" data-id=\"9df8204\" data-element_type=\"section\">\n\t\t\t\t\t\t<div class=\"elementor-container elementor-column-gap-default\">\n\t\t\t\t\t<div class=\"elementor-column elementor-col-100 elementor-inner-column elementor-element elementor-element-af3626c\" data-id=\"af3626c\" data-element_type=\"column\">\n\t\t\t<div class=\"elementor-widget-wrap elementor-element-populated\">\n\t\t\t\t\t\t\t\t<div class=\"elementor-element elementor-element-bf98d11 elementor-widget elementor-widget-heading\" data-id=\"bf98d11\" data-element_type=\"widget\" data-widget_type=\"heading.default\">\n\t\t\t\t<div class=\"elementor-widget-container\">\n\t\t\t<style>\/*! elementor - v3.15.0 - 20-08-2023 *\/\n.elementor-heading-title{padding:0;margin:0;line-height:1}.elementor-widget-heading .elementor-heading-title[class*=elementor-size-]>a{color:inherit;font-size:inherit;line-height:inherit}.elementor-widget-heading .elementor-heading-title.elementor-size-small{font-size:15px}.elementor-widget-heading .elementor-heading-title.elementor-size-medium{font-size:19px}.elementor-widget-heading .elementor-heading-title.elementor-size-large{font-size:29px}.elementor-widget-heading .elementor-heading-title.elementor-size-xl{font-size:39px}.elementor-widget-heading .elementor-heading-title.elementor-size-xxl{font-size:59px}<\/style><h3 class=\"elementor-heading-title elementor-size-default\">Lips ist eine neue Dimension des Stylings<\/h3>\t\t<\/div>\n\t\t\t\t<\/div>\n\t\t\t\t<div class=\"elementor-element elementor-element-bc9e795 elementor-widget elementor-widget-heading\" data-id=\"bc9e795\" data-element_type=\"widget\" data-widget_type=\"heading.default\">\n\t\t\t\t<div class=\"elementor-widget-container\">\n\t\t\t<h4 class=\"elementor-heading-title elementor-size-default\">LIPS Milano wurde mit dem Wunsch geboren, die Modeszene zu erneuern.<\/h4>\t\t<\/div>\n\t\t\t\t<\/div>\n\t\t\t\t<div class=\"elementor-element elementor-element-a6c1154 elementor-widget elementor-widget-text-editor\" data-id=\"a6c1154\" data-element_type=\"widget\" data-widget_type=\"text-editor.default\">\n\t\t\t\t<div class=\"elementor-widget-container\">\n\t\t\t<style>\/*! elementor - v3.15.0 - 20-08-2023 *\/\n.elementor-widget-text-editor.elementor-drop-cap-view-stacked .elementor-drop-cap{background-color:#69727d;color:#fff}.elementor-widget-text-editor.elementor-drop-cap-view-framed .elementor-drop-cap{color:#69727d;border:3px solid;background-color:transparent}.elementor-widget-text-editor:not(.elementor-drop-cap-view-default) .elementor-drop-cap{margin-top:8px}.elementor-widget-text-editor:not(.elementor-drop-cap-view-default) .elementor-drop-cap-letter{width:1em;height:1em}.elementor-widget-text-editor .elementor-drop-cap{float:left;text-align:center;line-height:1;font-size:50px}.elementor-widget-text-editor .elementor-drop-cap-letter{display:inline-block}<\/style>\t\t\t\t<p>Die Inspiration kommt aus einem echten Mix von Essenzen: Streetwear und Haute Couture-Outfits f\u00fcr den Aperitif nach dem B\u00fcro oder f\u00fcr das Mail\u00e4nder Nachtleben.<\/p>\n<p>In einem Wort: sophisticomfy wear, der Stil von Menschen, die ihr Leben mit Zuversicht leben, mit Leichtigkeit von einem Engagement zum anderen durch bequeme Kleidung und Shaping, aber mit einer raffinierten Note. Ein sich st\u00e4ndig weiterentwickelnder Stil, der den Confident Women gewidmet ist, die den Wert des Komforts bei der Verwaltung eines Real Life erkennen und elegant selbst bleiben.<\/p>\n\t\t\t\t\t\t<\/div>\n\t\t\t\t<\/div>\n\t\t\t\t\t<\/div>\n\t\t<\/div>\n\t\t\t\t\t\t\t<\/div>\n\t\t<\/section>\n\t\t\t\t<section class=\"elementor-section elementor-inner-section elementor-element elementor-element-ddb0f2e elementor-section-boxed elementor-section-height-default elementor-section-height-default\" data-id=\"ddb0f2e\" data-element_type=\"section\">\n\t\t\t\t\t\t<div class=\"elementor-container elementor-column-gap-default\">\n\t\t\t\t\t<div class=\"elementor-column elementor-col-50 elementor-inner-column elementor-element elementor-element-7cab646\" data-id=\"7cab646\" data-element_type=\"column\">\n\t\t\t<div class=\"elementor-widget-wrap elementor-element-populated\">\n\t\t\t\t\t\t\t\t<div class=\"elementor-element elementor-element-9aa815e img-scale elementor-widget elementor-widget-image\" data-id=\"9aa815e\" data-element_type=\"widget\" data-widget_type=\"image.default\">\n\t\t\t\t<div class=\"elementor-widget-container\">\n\t\t\t<style>\/*! elementor - v3.15.0 - 20-08-2023 *\/\n.elementor-widget-image{text-align:center}.elementor-widget-image a{display:inline-block}.elementor-widget-image a img[src$=\".svg\"]{width:48px}.elementor-widget-image img{vertical-align:middle;display:inline-block}<\/style>\t\t\t\t\t\t\t\t\t\t\t\t<img decoding=\"async\" width=\"2560\" height=\"1709\" src=\"https:\/\/lipsmilano.com\/wp-content\/uploads\/2022\/05\/lips_528_hd_ludovica_arcero-scaled-e1652188294909.jpg\" class=\"attachment-full size-full wp-image-665\" alt=\"\" srcset=\"https:\/\/lipsmilano.com\/wp-content\/uploads\/2022\/05\/lips_528_hd_ludovica_arcero-scaled-e1652188294909.jpg 2560w, https:\/\/lipsmilano.com\/wp-content\/uploads\/2022\/05\/lips_528_hd_ludovica_arcero-scaled-e1652188294909-800x534.jpg 800w\" sizes=\"(max-width: 2560px) 100vw, 2560px\" \/>\t\t\t\t\t\t\t\t\t\t\t\t\t\t\t<\/div>\n\t\t\t\t<\/div>\n\t\t\t\t\t<\/div>\n\t\t<\/div>\n\t\t\t\t<div class=\"elementor-column elementor-col-50 elementor-inner-column elementor-element elementor-element-59d6673\" data-id=\"59d6673\" data-element_type=\"column\">\n\t\t\t<div class=\"elementor-widget-wrap elementor-element-populated\">\n\t\t\t\t\t\t\t\t<div class=\"elementor-element elementor-element-14101b2 img-scale elementor-widget elementor-widget-image\" data-id=\"14101b2\" data-element_type=\"widget\" data-widget_type=\"image.default\">\n\t\t\t\t<div class=\"elementor-widget-container\">\n\t\t\t\t\t\t\t\t\t\t\t\t\t\t\t<img decoding=\"async\" width=\"1709\" height=\"2560\" src=\"https:\/\/lipsmilano.com\/wp-content\/uploads\/2022\/05\/lips_407_hd_ludovica_arcero-scaled.jpg\" class=\"attachment-full size-full wp-image-666\" alt=\"\" srcset=\"https:\/\/lipsmilano.com\/wp-content\/uploads\/2022\/05\/lips_407_hd_ludovica_arcero-scaled.jpg 1709w, https:\/\/lipsmilano.com\/wp-content\/uploads\/2022\/05\/lips_407_hd_ludovica_arcero-scaled-800x1198.jpg 800w\" sizes=\"(max-width: 1709px) 100vw, 1709px\" \/>\t\t\t\t\t\t\t\t\t\t\t\t\t\t\t<\/div>\n\t\t\t\t<\/div>\n\t\t\t\t\t<\/div>\n\t\t<\/div>\n\t\t\t\t\t\t\t<\/div>\n\t\t<\/section>\n\t\t\t\t\t<\/div>\n\t\t<\/div>\n\t\t\t\t\t\t\t<\/div>\n\t\t<\/section>\n\t\t\t\t<section class=\"elementor-section elementor-top-section elementor-element elementor-element-a1dca34 elementor-section-boxed elementor-section-height-default elementor-section-height-default\" data-id=\"a1dca34\" data-element_type=\"section\">\n\t\t\t\t\t\t<div class=\"elementor-container elementor-column-gap-default\">\n\t\t\t\t\t<div class=\"elementor-column elementor-col-100 elementor-top-column elementor-element elementor-element-fe2f321\" data-id=\"fe2f321\" data-element_type=\"column\">\n\t\t\t<div class=\"elementor-widget-wrap elementor-element-populated\">\n\t\t\t\t\t\t\t\t<section class=\"elementor-section elementor-inner-section elementor-element elementor-element-e5a65d7 elementor-section-boxed elementor-section-height-default elementor-section-height-default\" data-id=\"e5a65d7\" data-element_type=\"section\">\n\t\t\t\t\t\t<div class=\"elementor-container elementor-column-gap-default\">\n\t\t\t\t\t<div class=\"elementor-column elementor-col-100 elementor-inner-column elementor-element elementor-element-a3d8a37\" data-id=\"a3d8a37\" data-element_type=\"column\">\n\t\t\t<div class=\"elementor-widget-wrap elementor-element-populated\">\n\t\t\t\t\t\t\t\t<div class=\"elementor-element elementor-element-a8537c5 elementor-widget elementor-widget-text-editor\" data-id=\"a8537c5\" data-element_type=\"widget\" data-widget_type=\"text-editor.default\">\n\t\t\t\t<div class=\"elementor-widget-container\">\n\t\t\t\t\t\t\t<p>LIPS Mailand ist hohe Qualit\u00e4t zug\u00e4nglich, ohne Kompromisse. Eine Realit\u00e4t, die dank des End-to-End-Prozesses m\u00f6glich ist, der die Herstellung von Bio-Textilien betrifft, die alle streng italienisch sind.<\/p>\n<p>Wir glauben an unsere Mission und sehen in Sophisticomfy ein Genre, das in der Lage ist, das Leben derjenigen zu revolutionieren und ein Allheilmittel zu sein, die endlich jeden Moment mit Stil und Eleganz leben k\u00f6nnen.<\/p>\n<p>Unser Team verf\u00fcgt \u00fcber ein hohes Mass an Kontamination und Vielfalt in Bezug auf F\u00e4higkeiten und Hintergrund.<\/p>\n<p>Nur so kann Lips allen Kunden ein h\u00f6heres Styling-Niveau bieten.<\/p>\n<p>Probieren Sie auch das Sophisticomfy-Stil-Erlebnis, indem Sie jeden Tag Lips w\u00e4hlen.<\/p>\n\t\t\t\t\t\t<\/div>\n\t\t\t\t<\/div>\n\t\t\t\t\t<\/div>\n\t\t<\/div>\n\t\t\t\t\t\t\t<\/div>\n\t\t<\/section>\n\t\t\t\t<section class=\"elementor-section elementor-inner-section elementor-element elementor-element-8a45726 elementor-section-boxed elementor-section-height-default elementor-section-height-default\" data-id=\"8a45726\" data-element_type=\"section\">\n\t\t\t\t\t\t<div class=\"elementor-container elementor-column-gap-default\">\n\t\t\t\t\t<div class=\"elementor-column elementor-col-50 elementor-inner-column elementor-element elementor-element-30fc8bf\" data-id=\"30fc8bf\" data-element_type=\"column\">\n\t\t\t<div class=\"elementor-widget-wrap elementor-element-populated\">\n\t\t\t\t\t\t\t\t<div class=\"elementor-element elementor-element-c3d3f36 img-scale elementor-widget elementor-widget-image\" data-id=\"c3d3f36\" data-element_type=\"widget\" data-widget_type=\"image.default\">\n\t\t\t\t<div class=\"elementor-widget-container\">\n\t\t\t\t\t\t\t\t\t\t\t\t\t\t\t<img decoding=\"async\" width=\"1709\" height=\"2560\" src=\"https:\/\/lipsmilano.com\/wp-content\/uploads\/2022\/05\/lips_1117_hd_ludovica_arcero-scaled.jpg\" class=\"attachment-full size-full wp-image-663\" alt=\"\" srcset=\"https:\/\/lipsmilano.com\/wp-content\/uploads\/2022\/05\/lips_1117_hd_ludovica_arcero-scaled.jpg 1709w, https:\/\/lipsmilano.com\/wp-content\/uploads\/2022\/05\/lips_1117_hd_ludovica_arcero-scaled-800x1198.jpg 800w\" sizes=\"(max-width: 1709px) 100vw, 1709px\" \/>\t\t\t\t\t\t\t\t\t\t\t\t\t\t\t<\/div>\n\t\t\t\t<\/div>\n\t\t\t\t\t<\/div>\n\t\t<\/div>\n\t\t\t\t<div class=\"elementor-column elementor-col-50 elementor-inner-column elementor-element elementor-element-e7ce5bd\" data-id=\"e7ce5bd\" data-element_type=\"column\">\n\t\t\t<div class=\"elementor-widget-wrap elementor-element-populated\">\n\t\t\t\t\t\t\t\t<div class=\"elementor-element elementor-element-8da96f8 img-scale elementor-widget elementor-widget-image\" data-id=\"8da96f8\" data-element_type=\"widget\" data-widget_type=\"image.default\">\n\t\t\t\t<div class=\"elementor-widget-container\">\n\t\t\t\t\t\t\t\t\t\t\t\t\t\t\t<img decoding=\"async\" width=\"2560\" height=\"1707\" src=\"https:\/\/lipsmilano.com\/wp-content\/uploads\/2022\/05\/lips_1095_hd_ludovica_arcero-orizzontale-scaled.jpg\" class=\"attachment-full size-full wp-image-664\" alt=\"\" srcset=\"https:\/\/lipsmilano.com\/wp-content\/uploads\/2022\/05\/lips_1095_hd_ludovica_arcero-orizzontale-scaled.jpg 2560w, https:\/\/lipsmilano.com\/wp-content\/uploads\/2022\/05\/lips_1095_hd_ludovica_arcero-orizzontale-scaled-800x533.jpg 800w\" sizes=\"(max-width: 2560px) 100vw, 2560px\" \/>\t\t\t\t\t\t\t\t\t\t\t\t\t\t\t<\/div>\n\t\t\t\t<\/div>\n\t\t\t\t\t<\/div>\n\t\t<\/div>\n\t\t\t\t\t\t\t<\/div>\n\t\t<\/section>\n\t\t\t\t<div class=\"elementor-element elementor-element-5cef31e elementor-widget elementor-widget-heading\" data-id=\"5cef31e\" data-element_type=\"widget\" data-widget_type=\"heading.default\">\n\t\t\t\t<div class=\"elementor-widget-container\">\n\t\t\t<h4 class=\"elementor-heading-title elementor-size-default\">Stil mit uns<\/h4>\t\t<\/div>\n\t\t\t\t<\/div>\n\t\t\t\t<div class=\"elementor-element elementor-element-ee970f5 prodotti elementor-grid-tablet-4 elementor-grid-4 elementor-grid-mobile-2 elementor-products-grid elementor-wc-products elementor-widget elementor-widget-woocommerce-products\" data-id=\"ee970f5\" data-element_type=\"widget\" data-widget_type=\"woocommerce-products.default\">\n\t\t\t\t<div class=\"elementor-widget-container\">\n\t\t\t<link rel=\"stylesheet\" href=\"https:\/\/lipsmilano.com\/wp-content\/plugins\/elementor-pro\/assets\/css\/widget-woocommerce.min.css\"><div class=\"woocommerce columns-4 \"><ul class=\"products elementor-grid columns-4\">\n<li class=\"desktop-align-left tablet-align-left mobile-align-left product type-product post-3080 status-publish first instock product_cat-jeans-de product_tag-pre-order-de has-post-thumbnail featured shipping-taxable purchasable product-type-variable\">\n\t<\/li>\n<li class=\"desktop-align-left tablet-align-left mobile-align-left product type-product post-3074 status-publish instock product_cat-mantel product_tag-pre-order-de has-post-thumbnail featured shipping-taxable purchasable product-type-variable\">\n\t<\/li>\n<li class=\"desktop-align-left tablet-align-left mobile-align-left product type-product post-2527 status-publish instock product_cat-legging-de has-post-thumbnail shipping-taxable purchasable product-type-variable\">\n\t<\/li>\n<li class=\"desktop-align-left tablet-align-left mobile-align-left product type-product post-2469 status-publish last instock product_cat-geschenkkarte has-post-thumbnail virtual purchasable product-type-gift-card\">\n\t<\/li>\n<li class=\"desktop-align-left tablet-align-left mobile-align-left product type-product post-2510 status-publish first instock product_cat-bluse has-post-thumbnail shipping-taxable purchasable product-type-variable\">\n\t<\/li>\n<li class=\"desktop-align-left tablet-align-left mobile-align-left product type-product post-2085 status-publish instock product_cat-mieder has-post-thumbnail purchasable product-type-variable\">\n\t<\/li>\n<li class=\"desktop-align-left tablet-align-left mobile-align-left product type-product post-2081 status-publish instock product_cat-kleid has-post-thumbnail purchasable product-type-variable\">\n\t<\/li>\n<li class=\"desktop-align-left tablet-align-left mobile-align-left product type-product post-2077 status-publish last instock product_cat-kleid has-post-thumbnail purchasable product-type-variable\">\n\t<\/li>\n<\/ul>\n<\/div>\t\t<\/div>\n\t\t\t\t<\/div>\n\t\t\t\t\t<\/div>\n\t\t<\/div>\n\t\t\t\t\t\t\t<\/div>\n\t\t<\/section>\n\t\t\t\t\t\t\t<\/div>\n\t\t","protected":false},"excerpt":{"rendered":"<p>Lips ist eine neue Dimension des Stylings LIPS Milano wurde mit dem Wunsch geboren, die Modeszene zu erneuern. Die Inspiration kommt aus einem echten Mix von Essenzen: Streetwear und Haute Couture-Outfits f\u00fcr den Aperitif nach dem B\u00fcro oder f\u00fcr das Mail\u00e4nder Nachtleben. In einem Wort: sophisticomfy wear, der Stil von Menschen, die ihr Leben mit &hellip;<\/p>\n<p class=\"read-more\"> <a class=\"\" href=\"https:\/\/lipsmilano.com\/de\/ueber-uns\/\"> <span class=\"screen-reader-text\">\u00dcber uns<\/span> Weiterlesen &raquo;<\/a><\/p>\n","protected":false},"author":1,"featured_media":0,"parent":0,"menu_order":0,"comment_status":"closed","ping_status":"closed","template":"","meta":{"site-sidebar-layout":"no-sidebar","site-content-layout":"page-builder","ast-global-header-display":"","ast-banner-title-visibility":"","ast-main-header-display":"","ast-hfb-above-header-display":"","ast-hfb-below-header-display":"","ast-hfb-mobile-header-display":"","site-post-title":"disabled","ast-breadcrumbs-content":"","ast-featured-img":"disabled","footer-sml-layout":"","theme-transparent-header-meta":"","adv-header-id-meta":"","stick-header-meta":"","header-above-stick-meta":"","header-main-stick-meta":"","header-below-stick-meta":"","footnotes":""},"class_list":["post-1761","page","type-page","status-publish","hentry"],"_links":{"self":[{"href":"https:\/\/lipsmilano.com\/de\/wp-json\/wp\/v2\/pages\/1761","targetHints":{"allow":["GET"]}}],"collection":[{"href":"https:\/\/lipsmilano.com\/de\/wp-json\/wp\/v2\/pages"}],"about":[{"href":"https:\/\/lipsmilano.com\/de\/wp-json\/wp\/v2\/types\/page"}],"author":[{"embeddable":true,"href":"https:\/\/lipsmilano.com\/de\/wp-json\/wp\/v2\/users\/1"}],"replies":[{"embeddable":true,"href":"https:\/\/lipsmilano.com\/de\/wp-json\/wp\/v2\/comments?post=1761"}],"version-history":[{"count":4,"href":"https:\/\/lipsmilano.com\/de\/wp-json\/wp\/v2\/pages\/1761\/revisions"}],"predecessor-version":[{"id":2057,"href":"https:\/\/lipsmilano.com\/de\/wp-json\/wp\/v2\/pages\/1761\/revisions\/2057"}],"wp:attachment":[{"href":"https:\/\/lipsmilano.com\/de\/wp-json\/wp\/v2\/media?parent=1761"}],"curies":[{"name":"wp","href":"https:\/\/api.w.org\/{rel}","templated":true}]}}