{"id":1750,"date":"2022-10-13T15:28:26","date_gmt":"2022-10-13T13:28:26","guid":{"rendered":"https:\/\/lipsmilano.com\/datenschutzbestimmungen\/"},"modified":"2022-10-13T15:28:28","modified_gmt":"2022-10-13T13:28:28","slug":"datenschutzbestimmungen","status":"publish","type":"page","link":"https:\/\/lipsmilano.com\/de\/datenschutzbestimmungen\/","title":{"rendered":"Datenschutzbestimmungen"},"content":{"rendered":"\t\t<div data-elementor-type=\"wp-page\" data-elementor-id=\"1750\" class=\"elementor elementor-1750 elementor-3\" data-elementor-post-type=\"page\">\n\t\t\t\t\t\t\t\t\t<section class=\"elementor-section elementor-top-section elementor-element elementor-element-3c9c41bf elementor-section-boxed elementor-section-height-default elementor-section-height-default\" data-id=\"3c9c41bf\" data-element_type=\"section\">\n\t\t\t\t\t\t<div class=\"elementor-container elementor-column-gap-default\">\n\t\t\t\t\t<div class=\"elementor-column elementor-col-100 elementor-top-column elementor-element elementor-element-f109678\" data-id=\"f109678\" data-element_type=\"column\">\n\t\t\t<div class=\"elementor-widget-wrap elementor-element-populated\">\n\t\t\t\t\t\t\t\t<div class=\"elementor-element elementor-element-6cc17384 elementor-widget elementor-widget-text-editor\" data-id=\"6cc17384\" data-element_type=\"widget\" data-widget_type=\"text-editor.default\">\n\t\t\t\t<div class=\"elementor-widget-container\">\n\t\t\t<style>\/*! elementor - v3.15.0 - 20-08-2023 *\/\n.elementor-widget-text-editor.elementor-drop-cap-view-stacked .elementor-drop-cap{background-color:#69727d;color:#fff}.elementor-widget-text-editor.elementor-drop-cap-view-framed .elementor-drop-cap{color:#69727d;border:3px solid;background-color:transparent}.elementor-widget-text-editor:not(.elementor-drop-cap-view-default) .elementor-drop-cap{margin-top:8px}.elementor-widget-text-editor:not(.elementor-drop-cap-view-default) .elementor-drop-cap-letter{width:1em;height:1em}.elementor-widget-text-editor .elementor-drop-cap{float:left;text-align:center;line-height:1;font-size:50px}.elementor-widget-text-editor .elementor-drop-cap-letter{display:inline-block}<\/style>\t\t\t\t<div class=\"container\">\r\n<div class=\"container_inner default_template_holder clearfix page_container_inner\">\r\n<h1 style=\"text-align: center;\">DATENSCHUTZERKL\u00c4RUNG GEM\u00c4SS ARTIKEL 13 DER EU-VERORDNUNG 679\/2016 (GDPR)<\/h1>\r\n<h1 style=\"text-align: center;\"><\/h1>\r\nGem\u00e4\u00df Artikel 13 der Verordnung (EU) Nr. 679\/2016 zum Schutz nat\u00fcrlicher Personen bei der Verarbeitung personenbezogener Daten und zum freien Datenverkehr (im Folgenden &#8220;DSGVO&#8221;) informieren wir die Nutzer dar\u00fcber, dass das Unternehmen, das Eigent\u00fcmer der Website ist und das unten auf der Startseite der Website selbst angegeben ist, als Datenverantwortlicher (im Folgenden &#8220;Verantwortlicher&#8221;) im Rahmen der in der folgenden Datenschutzrichtlinie beschriebenen Verarbeitung personenbezogener Daten handelt.\u00a0F\u00fcr weitere Informationen in Bezug auf solche Verarbeitungen, die nicht durch die folgende Datenschutzerkl\u00e4rung abgedeckt sind, kann der Nutzer den f\u00fcr die Verarbeitung Verantwortlichen jederzeit unter den angegebenen Kontaktdaten kontaktieren.\r\n\r\nIm Einklang mit den genannten Rechtsvorschriften wird diese Verarbeitung auf den Grunds\u00e4tzen der Korrektheit, Rechtm\u00e4\u00dfigkeit und Transparenz sowie des Schutzes Ihrer Privatsph\u00e4re und Ihrer Rechte beruhen.\r\n<h2>1. Erhobene personenbezogene Daten und deren Verarbeitung<\/h2>\r\na) Navigationsdaten\r\n\r\nDie Computersysteme und Softwareverfahren, die f\u00fcr den Betrieb dieser Website verwendet werden, erfassen w\u00e4hrend des normalen Betriebs und ausschlie\u00dflich f\u00fcr die Dauer der Verbindung bestimmte Daten, die dann bei der Verwendung von Internet-Kommunikationsprotokollen implizit \u00fcbertragen werden.\r\n\r\nb) Freiwillig von Nutzern\/Besuchern bereitgestellte Daten\r\n\r\nDaten, die direkt von den Nutzern der Website zur Verf\u00fcgung gestellt werden, k\u00f6nnen gesammelt und verarbeitet werden, wie z. B. Telefonnummer, E-Mail, Vor- und Nachname, Beruf, Provinz, Bundesland, Land, Stadt und Postleitzahl, Geschlecht und Geburtsdatum, gekaufte Produkte\/Dienstleistungen sowie Informationen \u00fcber Zahlungswege und -methoden.\r\n\r\nc) Kekse\r\n\r\nDiese Website verwendet Cookies oder Marker, d. h. Informationspakete, die von einem Webserver (in diesem Fall diese Website) an den Browser des Besuchers\/Nutzers gesendet und von diesem automatisch auf seinem Ger\u00e4t (PC, Tablet, Mobiltelefon usw.) gespeichert und bei jedem Zugriff auf die Website automatisch an den Server zur\u00fcckgesendet werden, wie in der Cookie-Richtlinie der Website angegeben.\r\n<h2>2. Erhebungs- und Verarbeitungsmethoden<\/h2>\r\nPersonenbezogene Daten k\u00f6nnen vom Nutzer freiwillig eingegeben oder beim Surfen auf der Website automatisch erfasst werden.\u00a0\u00a0\u00a0\u00a0\u00a0\u00a0\u00a0\u00a0\u00a0\u00a0\u00a0\u00a0\u00a0\u00a0\u00a0\u00a0\u00a0\u00a0\u00a0\u00a0\u00a0\u00a0\u00a0\u00a0\u00a0\u00a0\u00a0\u00a0\u00a0\u00a0\u00a0\u00a0\u00a0\u00a0\u00a0\u00a0\u00a0\u00a0\u00a0\u00a0\u00a0\u00a0\u00a0\u00a0\u00a0\u00a0\u00a0\u00a0\u00a0\u00a0\u00a0\u00a0\u00a0\u00a0\u00a0\u00a0\u00a0\u00a0\u00a0\u00a0\u00a0\u00a0\u00a0\u00a0\u00a0\u00a0\u00a0\u00a0\u00a0\u00a0\u00a0\u00a0\u00a0\u00a0\u00a0\u00a0\u00a0\u00a0\u00a0\u00a0\u00a0\u00a0\u00a0\u00a0\u00a0\u00a0\u00a0\u00a0\u00a0\u00a0\u00a0 .\r\n\r\nWenn der Nutzer bestimmte pers\u00f6nliche Daten nicht angibt, kann diese Website ihre Dienste m\u00f6glicherweise nicht anbieten.\u00a0\u00a0\u00a0\u00a0\u00a0\u00a0\u00a0\u00a0\u00a0\u00a0\u00a0\u00a0\u00a0\u00a0\u00a0\u00a0\u00a0\u00a0\u00a0\u00a0\u00a0\u00a0\u00a0\u00a0\u00a0\u00a0\u00a0\u00a0\u00a0\u00a0\u00a0\u00a0\u00a0\u00a0\u00a0\u00a0\u00a0\u00a0\u00a0\u00a0\u00a0\u00a0\u00a0\u00a0\u00a0\u00a0\u00a0\u00a0\u00a0\u00a0\u00a0\u00a0\u00a0\u00a0\u00a0\u00a0\u00a0\u00a0\u00a0\u00a0\u00a0\u00a0\u00a0\u00a0\u00a0\u00a0\u00a0\u00a0\u00a0\u00a0\u00a0\u00a0\u00a0 .\r\n\r\nDie Verarbeitung erfolgt mit Hilfe von Informatik- und\/oder Telematikinstrumenten, mit organisatorischen Methoden und Logiken, die strikt mit den angegebenen Zwecken verbunden sind, unter Anwendung aller als angemessen erachteten technischen und verfahrenstechnischen Sicherheitsma\u00dfnahmen, die darauf abzielen, den unbefugten Zugang, die Weitergabe, die \u00c4nderung oder die Zerst\u00f6rung von personenbezogenen Daten zu verhindern, die auf der Grundlage des Informatikrisikos gem\u00e4\u00df Art. 32 DSGVO ermittelt und aktualisiert werden.\r\n<h2>3. An der Behandlung beteiligte Personen<\/h2>\r\n3. An der Datenverarbeitung beteiligte PersonenNeben dem Inhaber der Datenverarbeitung k\u00f6nnen in einigen F\u00e4llen Kategorien von Personen, die zur Datenverarbeitung befugt sind, Zugang zu den Daten haben, die an der Entwicklung und Verwaltung der vom Unternehmen \u00fcber diese Website angebotenen Dienstleistungen beteiligt sind (Verwaltungs-, Vertriebs-, Marketing-, Rechtsabteilung, Systemadministratoren), oder externe Parteien (wie dritte technische Dienstleister, Postkuriere, Hosting-Anbieter, IT-Unternehmen, Kommunikationsagenturen, Betreiber von Webplattformen).\r\n\r\nInsbesondere ist Webidoo S.p.A. im Rahmen der Bereitstellung der Dienste dieser Website als externer Verantwortlicher f\u00fcr die Verarbeitung personenbezogener Daten der Nutzer der Website selbst konfiguriert.\r\n<h2>4. Zweck der Verarbeitung<\/h2>\r\na) Die personenbezogenen Daten des Nutzers werden erhoben und verarbeitet, damit der f\u00fcr die Verarbeitung Verantwortliche seine Dienste erbringen kann, insbesondere: Zugang zu den Konten von Diensten Dritter, die von den Nutzern selbst freiwillig zur Verf\u00fcgung gestellt werden, Registrierung und Authentifizierung, Interaktion mit sozialen Netzwerken und externen Plattformen, soziale Funktionen, Interaktion mit Live-Chat-Plattformen, Adressverwaltung und E-Mail-Nachrichten, Anzeige von Inhalten externer Plattformen und Interaktion mit Support- und Feedback-Plattformen.\r\n\r\nb) Die durch technische Cookies und Profilierungs-Cookies gesammelten Informationen k\u00f6nnen, wie in der Cookie-Richtlinie n\u00e4her beschrieben, f\u00fcr Remarketing und verhaltensbezogene Zielgruppenaktivit\u00e4ten sowie f\u00fcr statistische Analysen und die Analyse der Website-Leistung verwendet werden.\r\n\r\nc) Dar\u00fcber hinaus k\u00f6nnen Nutzer, die ihre Telefonnummer und E-Mail-Adresse angegeben haben, zu kommerziellen oder werblichen Zwecken im Zusammenhang mit dieser Website kontaktiert werden, nachdem sie ihre ausdr\u00fcckliche Zustimmung zu kommerziellen Mitteilungen gegeben haben.\r\n\r\nd) Schlie\u00dflich k\u00f6nnen die personenbezogenen Daten des Nutzers vom Datenverantwortlichen zur Verteidigung in Gerichtsverfahren oder in der Vorbereitungsphase solcher Verfahren gegen Missbrauch bei der Nutzung der Website oder der damit verbundenen Dienste durch den Nutzer verwendet werden.\r\n<h2>5. Zeitpunkt und Ort der Lagerung<\/h2>\r\nDie Daten werden f\u00fcr den Zeitraum aufbewahrt, der f\u00fcr die Verfolgung der oben genannten Zwecke unbedingt erforderlich ist. Die Verarbeitung und Speicherung erfolgt in den Datenzentren von webidoo S.p.A. mit Sitz in Italien oder in Einrichtungen mit Sitz in den L\u00e4ndern der Europ\u00e4ischen Union.\r\n\r\nDer Nutzer kann jederzeit die Unterbrechung der Bereitstellung des Dienstes beantragen und seine Rechte gem\u00e4\u00df Absatz 6 des vorliegenden Dokuments aus\u00fcben.\r\n<h2>6. Diritti dell\u2019Utente<\/h2>\r\nAls betroffene Person verleiht die DSGVO dem Nutzer bestimmte Rechte, einschlie\u00dflich des Rechts, von dem f\u00fcr die Datenverarbeitung Verantwortlichen etwas zu verlangen:\r\n\r\neine Best\u00e4tigung dar\u00fcber zu erhalten, ob Ihre personenbezogenen Daten verarbeitet werden oder nicht, und wenn ja, Zugang zu diesen Daten zu erhalten (Art. 15 &#8220;Recht auf Zugang&#8221;);\r\n\r\n\u25cf die Berichtigung unrichtiger personenbezogener Daten oder die Vervollst\u00e4ndigung unvollst\u00e4ndiger personenbezogener Daten (Art. 16 &#8220;Recht auf Berichtigung&#8221;)\r\n\r\n\u25cf die L\u00f6schung der Daten selbst, wenn einer der in der DSGVO vorgesehenen Gr\u00fcnde vorliegt (Art. 17 &#8220;Recht auf L\u00f6schung&#8221;), sofern anwendbar;\r\n\r\n\u25cf die Verarbeitung Ihrer Daten einzuschr\u00e4nken, wenn einer der in der DSGVO vorgesehenen Gr\u00fcnde vorliegt (Art. 18 &#8220;Recht auf Einschr\u00e4nkung&#8221;);\r\n\r\n\u25cf die von Ihnen zur Verf\u00fcgung gestellten personenbezogenen Daten in einem strukturierten, g\u00e4ngigen und maschinenlesbaren Format zu erhalten und sie gegebenenfalls an einen anderen f\u00fcr die Verarbeitung Verantwortlichen zu \u00fcbermitteln (Art. 20 &#8220;Recht auf \u00dcbertragbarkeit&#8221;).\r\n\r\nDar\u00fcber hinaus hat der Nutzer das Recht, die Einwilligung in die Verarbeitung seiner Daten zu den in Absatz 4 Buchstabe c) genannten Zwecken jederzeit zu widerrufen, unbeschadet der Rechtm\u00e4\u00dfigkeit der Verarbeitung auf der Grundlage der vor dem Widerruf erteilten Einwilligung, und der Verarbeitung zu Marketingzwecken, die m\u00f6glicherweise auf einem berechtigten Interesse beruht, jederzeit zu widersprechen (Art. 21 &#8220;Widerspruchsrecht&#8221;).\r\n\r\nUm seine Rechte auszu\u00fcben, kann der Nutzer einen schriftlichen Antrag an den f\u00fcr die Datenverarbeitung Verantwortlichen unter der auf der Website angegebenen Adresse richten.\r\n\r\nUnbeschadet anderer administrativer oder gerichtlicher Rechtsbehelfe hat der Nutzer auch das Recht, eine Beschwerde bei einer Aufsichtsbeh\u00f6rde einzureichen, wenn er der Ansicht ist, dass die fragliche Verarbeitung unter Versto\u00df gegen die DSGVO erfolgt ist. Weitere Informationen finden Sie auf der Website http:\/\/www.garanteprivacy.it.\r\n\r\n<\/div>\r\n<\/div>\r\n<img decoding=\"async\" id=\"gdpr\" style=\"width: 150px; margin-top: 50px; background: #fff; padding: 20px;\" src=\"https:\/\/www.webidoo.it\/wp-content\/uploads\/2020\/04\/gdpr.png\" \/>\t\t\t\t\t\t<\/div>\n\t\t\t\t<\/div>\n\t\t\t\t\t<\/div>\n\t\t<\/div>\n\t\t\t\t\t\t\t<\/div>\n\t\t<\/section>\n\t\t\t\t\t\t\t<\/div>\n\t\t","protected":false},"excerpt":{"rendered":"<p>DATENSCHUTZERKL\u00c4RUNG GEM\u00c4SS ARTIKEL 13 DER EU-VERORDNUNG 679\/2016 (GDPR) Gem\u00e4\u00df Artikel 13 der Verordnung (EU) Nr. 679\/2016 zum Schutz nat\u00fcrlicher Personen bei der Verarbeitung personenbezogener Daten und zum freien Datenverkehr (im Folgenden &#8220;DSGVO&#8221;) informieren wir die Nutzer dar\u00fcber, dass das Unternehmen, das Eigent\u00fcmer der Website ist und das unten auf der Startseite der Website selbst angegeben &hellip;<\/p>\n<p class=\"read-more\"> <a class=\"\" href=\"https:\/\/lipsmilano.com\/de\/datenschutzbestimmungen\/\"> <span class=\"screen-reader-text\">Datenschutzbestimmungen<\/span> Weiterlesen &raquo;<\/a><\/p>\n","protected":false},"author":1,"featured_media":0,"parent":0,"menu_order":0,"comment_status":"closed","ping_status":"open","template":"elementor_header_footer","meta":{"site-sidebar-layout":"default","site-content-layout":"default","ast-global-header-display":"","ast-banner-title-visibility":"","ast-main-header-display":"","ast-hfb-above-header-display":"","ast-hfb-below-header-display":"","ast-hfb-mobile-header-display":"","site-post-title":"","ast-breadcrumbs-content":"","ast-featured-img":"","footer-sml-layout":"","theme-transparent-header-meta":"","adv-header-id-meta":"","stick-header-meta":"","header-above-stick-meta":"","header-main-stick-meta":"","header-below-stick-meta":"","footnotes":""},"class_list":["post-1750","page","type-page","status-publish","hentry"],"_links":{"self":[{"href":"https:\/\/lipsmilano.com\/de\/wp-json\/wp\/v2\/pages\/1750","targetHints":{"allow":["GET"]}}],"collection":[{"href":"https:\/\/lipsmilano.com\/de\/wp-json\/wp\/v2\/pages"}],"about":[{"href":"https:\/\/lipsmilano.com\/de\/wp-json\/wp\/v2\/types\/page"}],"author":[{"embeddable":true,"href":"https:\/\/lipsmilano.com\/de\/wp-json\/wp\/v2\/users\/1"}],"replies":[{"embeddable":true,"href":"https:\/\/lipsmilano.com\/de\/wp-json\/wp\/v2\/comments?post=1750"}],"version-history":[{"count":1,"href":"https:\/\/lipsmilano.com\/de\/wp-json\/wp\/v2\/pages\/1750\/revisions"}],"predecessor-version":[{"id":1751,"href":"https:\/\/lipsmilano.com\/de\/wp-json\/wp\/v2\/pages\/1750\/revisions\/1751"}],"wp:attachment":[{"href":"https:\/\/lipsmilano.com\/de\/wp-json\/wp\/v2\/media?parent=1750"}],"curies":[{"name":"wp","href":"https:\/\/api.w.org\/{rel}","templated":true}]}}